{"id":315,"date":"2015-08-27T13:31:35","date_gmt":"2015-08-27T11:31:35","guid":{"rendered":"http:\/\/www.musikschule-sommersound.de\/wp\/?page_id=315"},"modified":"2015-08-27T13:53:43","modified_gmt":"2015-08-27T11:53:43","slug":"partner","status":"publish","type":"page","link":"http:\/\/www.musikschule-sommersound.de\/wp\/?page_id=315","title":{"rendered":"Partner"},"content":{"rendered":"<div class=\"fusion-one-third one_third fusion-layout-column fusion-spacing-yes\" style=\"margin-top:0px;margin-bottom:20px;\"><div class=\"fusion-column-wrapper\"><div class=\"imageframe-align-center\"><span class=\"fusion-imageframe imageframe-none imageframe-1 hover-type-none\"><a class=\"fusion-no-lightbox\" href=\"http:\/\/www.musicpoint-berlin.de\" target=\"_blank\"> <img decoding=\"async\" src=\"http:\/\/www.musikschule-sommersound.de\/wp\/wp-content\/uploads\/2015\/08\/music_point.jpg\" alt=\"Music Point\" class=\"img-responsive\"\/><\/a><\/span><\/div><div class=\"fusion-sep-clear\"><\/div><div class=\"fusion-separator fusion-full-width-sep sep-none\" style=\"border-color:#e0dede;margin-left: auto;margin-right: auto;margin-top:18px;\"><\/div><h2>Music Point<\/h2>\n<p>Music Point wurde am 8. April 1997 in Berlin-Friedrichshagen mit einer Ladenfl\u00e4che von 70 qm er\u00f6ffnet und ist nun seit 2005 am Standort in Berlin-Kaulsdorf direkt an der B1\/B5 mit 2000 qm auf 2 Etagen zu einem der gr\u00f6\u00dften Musikh\u00e4user unserer Region gewachsen.<\/p>\n<div class=\"fusion-clearfix\"><\/div><\/div><\/div><div class=\"fusion-one-third one_third fusion-layout-column fusion-column-last fusion-spacing-yes\" style=\"margin-top:0px;margin-bottom:20px;\"><div class=\"fusion-column-wrapper\"><div class=\"imageframe-align-center\"><span class=\"fusion-imageframe imageframe-none imageframe-2 hover-type-none\"><a class=\"fusion-no-lightbox\" href=\"http:\/\/www.maffaycoverbandeiszeit.de\/\" target=\"_blank\"> <img decoding=\"async\" src=\"http:\/\/www.musikschule-sommersound.de\/wp\/wp-content\/uploads\/2015\/08\/cover_band.jpg\" alt=\"Sliders\" class=\"img-responsive\"\/><\/a><\/span><\/div><div class=\"fusion-sep-clear\"><\/div><div class=\"fusion-separator fusion-full-width-sep sep-none\" style=\"border-color:#e0dede;margin-left: auto;margin-right: auto;margin-top:18px;\"><\/div><h2>Eiszeit<\/h2>\n<p><b><i><\/i><\/b>Eiszeit hei\u00dft Deutschlands ultimative Maffay-Coverband.<br \/>\nIn einem bis zu dreist\u00fcndigen Programm spielt Eiszeit ausschlie\u00dflich die Songs von Peter Maffay.<\/p>\n<div class=\"fusion-clearfix\"><\/div><\/div><\/div><div class=\"fusion-clearfix\"><\/div>\n","protected":false},"excerpt":{"rendered":"","protected":false},"author":3,"featured_media":0,"parent":0,"menu_order":0,"comment_status":"open","ping_status":"open","template":"","meta":{"_mi_skip_tracking":false},"_links":{"self":[{"href":"http:\/\/www.musikschule-sommersound.de\/wp\/index.php?rest_route=\/wp\/v2\/pages\/315"}],"collection":[{"href":"http:\/\/www.musikschule-sommersound.de\/wp\/index.php?rest_route=\/wp\/v2\/pages"}],"about":[{"href":"http:\/\/www.musikschule-sommersound.de\/wp\/index.php?rest_route=\/wp\/v2\/types\/page"}],"author":[{"embeddable":true,"href":"http:\/\/www.musikschule-sommersound.de\/wp\/index.php?rest_route=\/wp\/v2\/users\/3"}],"replies":[{"embeddable":true,"href":"http:\/\/www.musikschule-sommersound.de\/wp\/index.php?rest_route=%2Fwp%2Fv2%2Fcomments&post=315"}],"version-history":[{"count":6,"href":"http:\/\/www.musikschule-sommersound.de\/wp\/index.php?rest_route=\/wp\/v2\/pages\/315\/revisions"}],"predecessor-version":[{"id":325,"href":"http:\/\/www.musikschule-sommersound.de\/wp\/index.php?rest_route=\/wp\/v2\/pages\/315\/revisions\/325"}],"wp:attachment":[{"href":"http:\/\/www.musikschule-sommersound.de\/wp\/index.php?rest_route=%2Fwp%2Fv2%2Fmedia&parent=315"}],"curies":[{"name":"wp","href":"https:\/\/api.w.org\/{rel}","templated":true}]}}